{"id":18108,"date":"2024-10-28T22:11:50","date_gmt":"2024-10-29T04:11:50","guid":{"rendered":"https:\/\/aguaregen.com\/nuestros-clientes\/"},"modified":"2024-12-28T17:04:23","modified_gmt":"2024-12-28T23:04:23","slug":"i-nostri-clienti","status":"publish","type":"page","link":"https:\/\/aguaregen.com\/it\/i-nostri-clienti\/","title":{"rendered":"I Nostri Clienti"},"content":{"rendered":"\t\t<div data-elementor-type=\"wp-page\" data-elementor-id=\"18108\" class=\"elementor elementor-18108 elementor-15630\" data-elementor-post-type=\"page\">\n\t\t\t\t<div data-particle_enable=\"false\" data-particle-mobile-disabled=\"false\" class=\"wd-negative-gap elementor-element elementor-element-42b4ec0 e-flex e-con-boxed e-con e-parent\" data-id=\"42b4ec0\" data-element_type=\"container\" data-e-type=\"container\">\n\t\t\t\t\t<div class=\"e-con-inner\">\n\t\t\t\t<div class=\"elementor-element elementor-element-ec975c4 elementor-widget elementor-widget-heading\" data-id=\"ec975c4\" data-element_type=\"widget\" data-e-type=\"widget\" data-widget_type=\"heading.default\">\n\t\t\t\t<div class=\"elementor-widget-container\">\n\t\t\t\t\t<h2 class=\"elementor-heading-title elementor-size-default\">Siamo ci\u00f2 che lasciamo nella vita degli altri<\/h2>\t\t\t\t<\/div>\n\t\t\t\t<\/div>\n\t\t\t\t\t<\/div>\n\t\t\t\t<\/div>\n\t\t<div data-particle_enable=\"false\" data-particle-mobile-disabled=\"false\" class=\"wd-negative-gap elementor-element elementor-element-7655782 e-flex e-con-boxed e-con e-parent\" data-id=\"7655782\" data-element_type=\"container\" data-e-type=\"container\">\n\t\t\t\t\t<div class=\"e-con-inner\">\n\t\t\t\t<div class=\"elementor-element elementor-element-05fb61f elementor-widget elementor-widget-eael-testimonial\" data-id=\"05fb61f\" data-element_type=\"widget\" data-e-type=\"widget\" data-widget_type=\"eael-testimonial.default\">\n\t\t\t\t<div class=\"elementor-widget-container\">\n\t\t\t\t\t\n\t<div id=\"eael-testimonial-05fb61f\" class=\"eael-testimonial-item clearfix  middle-style rating-five\">\n\t\t\t\t\n\t\t\t\t\t<div class=\"eael-testimonial-content\">\n\t\t\t\t<div class=\"eael-testimonial-text\"><p class=\"p1\">Ho iniziato a bere l\u2019acqua REGEN su consiglio di un amico e, all\u2019inizio, l\u2019ho bevuta senza sapere molto delle sue propriet\u00e0 e vantaggi. Tuttavia, dopo poco tempo, ho iniziato a sentire dei cambiamenti in me. Mi piace molto andare in bicicletta e mi sono sempre considerato una persona fisicamente attiva. Ho notato miglioramenti significativi nella mia resistenza e capacit\u00e0. Il cambiamento che sento in me \u00e8 incredibile\u2014mi sento pieno di vita ed energia. Da allora, bevo acqua REGEN perch\u00e9 mi ha aiutato a purificare il mio corpo e, allo stesso tempo, mi ha restituito molta vitalit\u00e0.<\/p><\/div>\t\t\t\t\t\t\t<div class=\"eael-testimonial-image\">\n\t\t\t\t\t\t\t\t\t<figure><img decoding=\"async\" width=\"182\" height=\"189\" src=\"https:\/\/aguaregen.com\/wp-content\/uploads\/2024\/11\/Testimonios-JuanCarlosMonge.jpg\" class=\"attachment-full size-full wp-image-16017\" alt=\"\" srcset=\"https:\/\/aguaregen.com\/wp-content\/uploads\/2024\/11\/Testimonios-JuanCarlosMonge.jpg 182w, https:\/\/aguaregen.com\/wp-content\/uploads\/2024\/11\/Testimonios-JuanCarlosMonge-150x156.jpg 150w\" sizes=\"(max-width: 182px) 100vw, 182px\" \/><\/figure>\n\t\t\t\t\t\t\t<\/div>\n\t\t\t\t\t\t\t<div class=\"clearfix\">\n\t\t\t\t\t<p class=\"eael-testimonial-user\">Juan Carlos Monge<\/p><p class=\"eael-testimonial-user-company\">Avvocato, 63 anni di et\u00e0<\/p>\t\t\t\t<\/div>\n\t\t\t\t\t\t<ul class=\"testimonial-star-rating\">\n\t\t\t<li><i class=\"fas fa-star\" aria-hidden=\"true\"><\/i><\/li>\n\t\t\t<li><i class=\"fas fa-star\" aria-hidden=\"true\"><\/i><\/li>\n\t\t\t<li><i class=\"fas fa-star\" aria-hidden=\"true\"><\/i><\/li>\n\t\t\t<li><i class=\"fas fa-star\" aria-hidden=\"true\"><\/i><\/li>\n\t\t\t<li><i class=\"fas fa-star\" aria-hidden=\"true\"><\/i><\/li>\n\t\t<\/ul>\n\t\t\t\t\t<\/div>\n\t\t\n\t\t\n\t\t\n\t\t\n\t\t\n\t\t\n\t\t\n\t\t<span class=\"eael-testimonial-quote\"><\/span>\n\t<\/div>\n\n\t\t\t\t\t<\/div>\n\t\t\t\t<\/div>\n\t\t\t\t<div class=\"elementor-element elementor-element-729ba75 elementor-widget-divider--view-line elementor-widget elementor-widget-divider\" data-id=\"729ba75\" data-element_type=\"widget\" data-e-type=\"widget\" data-widget_type=\"divider.default\">\n\t\t\t\t<div class=\"elementor-widget-container\">\n\t\t\t\t\t\t\t<div class=\"elementor-divider\">\n\t\t\t<span class=\"elementor-divider-separator\">\n\t\t\t\t\t\t<\/span>\n\t\t<\/div>\n\t\t\t\t\t\t<\/div>\n\t\t\t\t<\/div>\n\t\t\t\t<div class=\"elementor-element elementor-element-bffeb53 elementor-widget elementor-widget-eael-testimonial\" data-id=\"bffeb53\" data-element_type=\"widget\" data-e-type=\"widget\" data-widget_type=\"eael-testimonial.default\">\n\t\t\t\t<div class=\"elementor-widget-container\">\n\t\t\t\t\t\n\t<div id=\"eael-testimonial-bffeb53\" class=\"eael-testimonial-item clearfix  middle-style rating-five\">\n\t\t\t\t\n\t\t\t\t\t<div class=\"eael-testimonial-content\">\n\t\t\t\t<div class=\"eael-testimonial-text\"><p class=\"p1\">Da quando ero piccola, per me era normale avere acidit\u00e0 di stomaco per vari motivi, cos\u00ec normale che pensavo fosse una cosa comune a tutti. Non sapevo cosa significasse non avere acidit\u00e0. All\u2019universit\u00e0, mi sono resa conto che il problema era peggiorato e, di conseguenza, c\u2019erano cibi che non potevo mangiare e persino l\u2019acqua mi causava fastidio, aumentando la sensazione di acidit\u00e0 e malessere. Dopo un po\u2019 di tempo trascorso a provare Regen, ho notato una significativa diminuzione dell\u2019acidit\u00e0 nella mia vita quotidiana, abbastanza da fare una grande differenza. Per la prima volta ho sperimentato cosa significa non avere acidit\u00e0! Da allora bevo solo acqua Regen perch\u00e9 sento che fa davvero bene alla mia salute.<\/p><\/div>\t\t\t\t\t\t\t<div class=\"eael-testimonial-image\">\n\t\t\t\t\t\t\t\t\t<figure><img decoding=\"async\" width=\"187\" height=\"182\" src=\"https:\/\/aguaregen.com\/wp-content\/uploads\/2024\/11\/testimonios-Jacqueline-Manai.jpg\" class=\"attachment-full size-full wp-image-16018\" alt=\"\" srcset=\"https:\/\/aguaregen.com\/wp-content\/uploads\/2024\/11\/testimonios-Jacqueline-Manai.jpg 187w, https:\/\/aguaregen.com\/wp-content\/uploads\/2024\/11\/testimonios-Jacqueline-Manai-150x146.jpg 150w\" sizes=\"(max-width: 187px) 100vw, 187px\" \/><\/figure>\n\t\t\t\t\t\t\t<\/div>\n\t\t\t\t\t\t\t<div class=\"clearfix\">\n\t\t\t\t\t<p class=\"eael-testimonial-user\">Jacqueline Mana\u00ed<\/p><p class=\"eael-testimonial-user-company\">Chimica &amp; Project Manager, 23 anni di et\u00e0<\/p>\t\t\t\t<\/div>\n\t\t\t\t\t\t<ul class=\"testimonial-star-rating\">\n\t\t\t<li><i class=\"fas fa-star\" aria-hidden=\"true\"><\/i><\/li>\n\t\t\t<li><i class=\"fas fa-star\" aria-hidden=\"true\"><\/i><\/li>\n\t\t\t<li><i class=\"fas fa-star\" aria-hidden=\"true\"><\/i><\/li>\n\t\t\t<li><i class=\"fas fa-star\" aria-hidden=\"true\"><\/i><\/li>\n\t\t\t<li><i class=\"fas fa-star\" aria-hidden=\"true\"><\/i><\/li>\n\t\t<\/ul>\n\t\t\t\t\t<\/div>\n\t\t\n\t\t\n\t\t\n\t\t\n\t\t\n\t\t\n\t\t\n\t\t<span class=\"eael-testimonial-quote\"><\/span>\n\t<\/div>\n\n\t\t\t\t\t<\/div>\n\t\t\t\t<\/div>\n\t\t\t\t<div class=\"elementor-element elementor-element-140c350 elementor-widget-divider--view-line elementor-widget elementor-widget-divider\" data-id=\"140c350\" data-element_type=\"widget\" data-e-type=\"widget\" data-widget_type=\"divider.default\">\n\t\t\t\t<div class=\"elementor-widget-container\">\n\t\t\t\t\t\t\t<div class=\"elementor-divider\">\n\t\t\t<span class=\"elementor-divider-separator\">\n\t\t\t\t\t\t<\/span>\n\t\t<\/div>\n\t\t\t\t\t\t<\/div>\n\t\t\t\t<\/div>\n\t\t\t\t<div class=\"elementor-element elementor-element-f0c9f9f elementor-widget elementor-widget-eael-testimonial\" data-id=\"f0c9f9f\" data-element_type=\"widget\" data-e-type=\"widget\" data-widget_type=\"eael-testimonial.default\">\n\t\t\t\t<div class=\"elementor-widget-container\">\n\t\t\t\t\t\n\t<div id=\"eael-testimonial-f0c9f9f\" class=\"eael-testimonial-item clearfix  middle-style rating-five\">\n\t\t\t\t\n\t\t\t\t\t<div class=\"eael-testimonial-content\">\n\t\t\t\t<div class=\"eael-testimonial-text\"><p class=\"p1\">Sono promotore della salute fisica, educatore fisico, personal trainer certificato, istruttore di fitness di gruppo e allenatore per Less Mills internazionale. La mia esperienza con l\u2019acqua REGEN \u00e8 stata molto positiva. In ambito sportivo, ho percepito una notevole differenza nei livelli di idratazione. A causa dei miei diversi ruoli come allenatore e nel mio allenamento, ero spesso disidratato, il che causava crampi muscolari, stanchezza generale, mal di testa e altro. In questo aspetto, ho percepito molti benefici positivi: non soffro pi\u00f9 di crampi o mal di testa e il mio recupero fisico \u00e8 molto migliore e pi\u00f9 rapido. Un altro aspetto \u00e8 che non sentivo mai che l\u2019acqua mi togliesse la sensazione di sete. Con l\u2019acqua REGEN, non sento sete. Un altro aspetto positivo \u00e8 che ogni volta che svolgevo attivit\u00e0 cardiovascolari ad alta intensit\u00e0, sentivo un notevole disagio gastrico nella parte superiore dello stomaco. Questo \u00e8 scomparso completamente. Ora mi alleno ad alta intensit\u00e0 senza quel disagio, e l\u2019unica cosa che ho cambiato \u00e8 il tipo di acqua che bevo.<\/p><\/div>\t\t\t\t\t\t\t<div class=\"eael-testimonial-image\">\n\t\t\t\t\t\t\t\t\t<figure><img decoding=\"async\" width=\"182\" height=\"192\" src=\"https:\/\/aguaregen.com\/wp-content\/uploads\/2024\/11\/testimonios-jafet.jpg\" class=\"attachment-full size-full wp-image-16019\" alt=\"\" srcset=\"https:\/\/aguaregen.com\/wp-content\/uploads\/2024\/11\/testimonios-jafet.jpg 182w, https:\/\/aguaregen.com\/wp-content\/uploads\/2024\/11\/testimonios-jafet-150x158.jpg 150w\" sizes=\"(max-width: 182px) 100vw, 182px\" \/><\/figure>\n\t\t\t\t\t\t\t<\/div>\n\t\t\t\t\t\t\t<div class=\"clearfix\">\n\t\t\t\t\t<p class=\"eael-testimonial-user\">Jafeth Leiva<\/p><p class=\"eael-testimonial-user-company\">Personal Trainer, 38 anni di et\u00e0<\/p>\t\t\t\t<\/div>\n\t\t\t\t\t\t<ul class=\"testimonial-star-rating\">\n\t\t\t<li><i class=\"fas fa-star\" aria-hidden=\"true\"><\/i><\/li>\n\t\t\t<li><i class=\"fas fa-star\" aria-hidden=\"true\"><\/i><\/li>\n\t\t\t<li><i class=\"fas fa-star\" aria-hidden=\"true\"><\/i><\/li>\n\t\t\t<li><i class=\"fas fa-star\" aria-hidden=\"true\"><\/i><\/li>\n\t\t\t<li><i class=\"fas fa-star\" aria-hidden=\"true\"><\/i><\/li>\n\t\t<\/ul>\n\t\t\t\t\t<\/div>\n\t\t\n\t\t\n\t\t\n\t\t\n\t\t\n\t\t\n\t\t\n\t\t<span class=\"eael-testimonial-quote\"><\/span>\n\t<\/div>\n\n\t\t\t\t\t<\/div>\n\t\t\t\t<\/div>\n\t\t\t\t\t<\/div>\n\t\t\t\t<\/div>\n\t\t\t\t<\/div>\n\t\t","protected":false},"excerpt":{"rendered":"<p>Siamo ci\u00f2 che lasciamo nella vita degli altri Ho iniziato a bere l\u2019acqua REGEN su consiglio di un amico e,<\/p>\n","protected":false},"author":1,"featured_media":0,"parent":0,"menu_order":0,"comment_status":"closed","ping_status":"closed","template":"","meta":{"_joinchat":[],"footnotes":""},"class_list":["post-18108","page","type-page","status-publish","hentry"],"yoast_head":"<!-- This site is optimized with the Yoast SEO Premium plugin v24.0 (Yoast SEO v27.5) - https:\/\/yoast.com\/product\/yoast-seo-premium-wordpress\/ -->\n<title>I Nostri Clienti - Agua REGEN<\/title>\n<meta name=\"robots\" content=\"index, follow, max-snippet:-1, max-image-preview:large, max-video-preview:-1\" \/>\n<link rel=\"canonical\" href=\"https:\/\/aguaregen.com\/it\/i-nostri-clienti\/\" \/>\n<meta property=\"og:locale\" content=\"it_IT\" \/>\n<meta property=\"og:type\" content=\"article\" \/>\n<meta property=\"og:title\" content=\"I Nostri Clienti\" \/>\n<meta property=\"og:description\" content=\"Siamo ci\u00f2 che lasciamo nella vita degli altri Ho iniziato a bere l\u2019acqua REGEN su consiglio di un amico e,\" \/>\n<meta property=\"og:url\" content=\"https:\/\/aguaregen.com\/it\/i-nostri-clienti\/\" \/>\n<meta property=\"og:site_name\" content=\"Agua REGEN\" \/>\n<meta property=\"article:publisher\" content=\"https:\/\/www.facebook.com\/AguaRegenCR\/\" \/>\n<meta property=\"article:modified_time\" content=\"2024-12-28T23:04:23+00:00\" \/>\n<meta property=\"og:image\" content=\"https:\/\/aguaregen.com\/wp-content\/uploads\/2024\/11\/Testimonios-JuanCarlosMonge.jpg\" \/>\n\t<meta property=\"og:image:width\" content=\"182\" \/>\n\t<meta property=\"og:image:height\" content=\"189\" \/>\n\t<meta property=\"og:image:type\" content=\"image\/jpeg\" \/>\n<meta name=\"twitter:card\" content=\"summary_large_image\" \/>\n<meta name=\"twitter:label1\" content=\"Tempo di lettura stimato\" \/>\n\t<meta name=\"twitter:data1\" content=\"3 minuti\" \/>\n<script type=\"application\/ld+json\" class=\"yoast-schema-graph\">{\"@context\":\"https:\\\/\\\/schema.org\",\"@graph\":[{\"@type\":\"WebPage\",\"@id\":\"https:\\\/\\\/aguaregen.com\\\/it\\\/i-nostri-clienti\\\/\",\"url\":\"https:\\\/\\\/aguaregen.com\\\/it\\\/i-nostri-clienti\\\/\",\"name\":\"I Nostri Clienti - Agua REGEN\",\"isPartOf\":{\"@id\":\"https:\\\/\\\/aguaregen.com\\\/it\\\/#website\"},\"primaryImageOfPage\":{\"@id\":\"https:\\\/\\\/aguaregen.com\\\/it\\\/i-nostri-clienti\\\/#primaryimage\"},\"image\":{\"@id\":\"https:\\\/\\\/aguaregen.com\\\/it\\\/i-nostri-clienti\\\/#primaryimage\"},\"thumbnailUrl\":\"https:\\\/\\\/aguaregen.com\\\/wp-content\\\/uploads\\\/2024\\\/11\\\/Testimonios-JuanCarlosMonge.jpg\",\"datePublished\":\"2024-10-29T04:11:50+00:00\",\"dateModified\":\"2024-12-28T23:04:23+00:00\",\"breadcrumb\":{\"@id\":\"https:\\\/\\\/aguaregen.com\\\/it\\\/i-nostri-clienti\\\/#breadcrumb\"},\"inLanguage\":\"it-IT\",\"potentialAction\":[{\"@type\":\"ReadAction\",\"target\":[\"https:\\\/\\\/aguaregen.com\\\/it\\\/i-nostri-clienti\\\/\"]}]},{\"@type\":\"ImageObject\",\"inLanguage\":\"it-IT\",\"@id\":\"https:\\\/\\\/aguaregen.com\\\/it\\\/i-nostri-clienti\\\/#primaryimage\",\"url\":\"https:\\\/\\\/aguaregen.com\\\/wp-content\\\/uploads\\\/2024\\\/11\\\/Testimonios-JuanCarlosMonge.jpg\",\"contentUrl\":\"https:\\\/\\\/aguaregen.com\\\/wp-content\\\/uploads\\\/2024\\\/11\\\/Testimonios-JuanCarlosMonge.jpg\"},{\"@type\":\"BreadcrumbList\",\"@id\":\"https:\\\/\\\/aguaregen.com\\\/it\\\/i-nostri-clienti\\\/#breadcrumb\",\"itemListElement\":[{\"@type\":\"ListItem\",\"position\":1,\"name\":\"Portada\",\"item\":\"https:\\\/\\\/aguaregen.com\\\/it\\\/\"},{\"@type\":\"ListItem\",\"position\":2,\"name\":\"I Nostri Clienti\"}]},{\"@type\":\"WebSite\",\"@id\":\"https:\\\/\\\/aguaregen.com\\\/it\\\/#website\",\"url\":\"https:\\\/\\\/aguaregen.com\\\/it\\\/\",\"name\":\"Agua REGEN\",\"description\":\"Agua funcional optimizada y ultrapurificada\",\"publisher\":{\"@id\":\"https:\\\/\\\/aguaregen.com\\\/it\\\/#organization\"},\"alternateName\":\"Agua Alcalina\",\"potentialAction\":[{\"@type\":\"SearchAction\",\"target\":{\"@type\":\"EntryPoint\",\"urlTemplate\":\"https:\\\/\\\/aguaregen.com\\\/it\\\/?s={search_term_string}\"},\"query-input\":{\"@type\":\"PropertyValueSpecification\",\"valueRequired\":true,\"valueName\":\"search_term_string\"}}],\"inLanguage\":\"it-IT\"},{\"@type\":\"Organization\",\"@id\":\"https:\\\/\\\/aguaregen.com\\\/it\\\/#organization\",\"name\":\"Agua REGEN\",\"alternateName\":\"Agual Alcalina Ultrapurificada\",\"url\":\"https:\\\/\\\/aguaregen.com\\\/it\\\/\",\"logo\":{\"@type\":\"ImageObject\",\"inLanguage\":\"it-IT\",\"@id\":\"https:\\\/\\\/aguaregen.com\\\/it\\\/#\\\/schema\\\/logo\\\/image\\\/\",\"url\":\"https:\\\/\\\/aguaregen.com\\\/wp-content\\\/uploads\\\/2024\\\/10\\\/Agua-Regen-Logo.png\",\"contentUrl\":\"https:\\\/\\\/aguaregen.com\\\/wp-content\\\/uploads\\\/2024\\\/10\\\/Agua-Regen-Logo.png\",\"width\":250,\"height\":115,\"caption\":\"Agua REGEN\"},\"image\":{\"@id\":\"https:\\\/\\\/aguaregen.com\\\/it\\\/#\\\/schema\\\/logo\\\/image\\\/\"},\"sameAs\":[\"https:\\\/\\\/www.facebook.com\\\/AguaRegenCR\\\/\",\"https:\\\/\\\/www.instagram.com\\\/aguaregencr\\\/\"],\"description\":\"HIDRODEPURADORES PIR S.A., empresa que inicia operaciones con el gran objetivo de: brindar apoyo en la purificaci\u00f3n natural del agua. Nuestra empresa tiene la capacidad de purificar naturalmente cualquier tipo y masa de agua. Para producir Regen, tomamos agua potable que pasa por los procesos de ultra purificaci\u00f3n natural, suplementaci\u00f3n y reavivamiento.\",\"email\":\"info@aguaregen.com\",\"telephone\":\"(506) 2438-6060\",\"legalName\":\"HIDRODEPURADORES PIR S.A.\"}]}<\/script>\n<!-- \/ Yoast SEO Premium plugin. -->","yoast_head_json":{"title":"I Nostri Clienti - Agua REGEN","robots":{"index":"index","follow":"follow","max-snippet":"max-snippet:-1","max-image-preview":"max-image-preview:large","max-video-preview":"max-video-preview:-1"},"canonical":"https:\/\/aguaregen.com\/it\/i-nostri-clienti\/","og_locale":"it_IT","og_type":"article","og_title":"I Nostri Clienti","og_description":"Siamo ci\u00f2 che lasciamo nella vita degli altri Ho iniziato a bere l\u2019acqua REGEN su consiglio di un amico e,","og_url":"https:\/\/aguaregen.com\/it\/i-nostri-clienti\/","og_site_name":"Agua REGEN","article_publisher":"https:\/\/www.facebook.com\/AguaRegenCR\/","article_modified_time":"2024-12-28T23:04:23+00:00","og_image":[{"width":182,"height":189,"url":"https:\/\/aguaregen.com\/wp-content\/uploads\/2024\/11\/Testimonios-JuanCarlosMonge.jpg","type":"image\/jpeg"}],"twitter_card":"summary_large_image","twitter_misc":{"Tempo di lettura stimato":"3 minuti"},"schema":{"@context":"https:\/\/schema.org","@graph":[{"@type":"WebPage","@id":"https:\/\/aguaregen.com\/it\/i-nostri-clienti\/","url":"https:\/\/aguaregen.com\/it\/i-nostri-clienti\/","name":"I Nostri Clienti - Agua REGEN","isPartOf":{"@id":"https:\/\/aguaregen.com\/it\/#website"},"primaryImageOfPage":{"@id":"https:\/\/aguaregen.com\/it\/i-nostri-clienti\/#primaryimage"},"image":{"@id":"https:\/\/aguaregen.com\/it\/i-nostri-clienti\/#primaryimage"},"thumbnailUrl":"https:\/\/aguaregen.com\/wp-content\/uploads\/2024\/11\/Testimonios-JuanCarlosMonge.jpg","datePublished":"2024-10-29T04:11:50+00:00","dateModified":"2024-12-28T23:04:23+00:00","breadcrumb":{"@id":"https:\/\/aguaregen.com\/it\/i-nostri-clienti\/#breadcrumb"},"inLanguage":"it-IT","potentialAction":[{"@type":"ReadAction","target":["https:\/\/aguaregen.com\/it\/i-nostri-clienti\/"]}]},{"@type":"ImageObject","inLanguage":"it-IT","@id":"https:\/\/aguaregen.com\/it\/i-nostri-clienti\/#primaryimage","url":"https:\/\/aguaregen.com\/wp-content\/uploads\/2024\/11\/Testimonios-JuanCarlosMonge.jpg","contentUrl":"https:\/\/aguaregen.com\/wp-content\/uploads\/2024\/11\/Testimonios-JuanCarlosMonge.jpg"},{"@type":"BreadcrumbList","@id":"https:\/\/aguaregen.com\/it\/i-nostri-clienti\/#breadcrumb","itemListElement":[{"@type":"ListItem","position":1,"name":"Portada","item":"https:\/\/aguaregen.com\/it\/"},{"@type":"ListItem","position":2,"name":"I Nostri Clienti"}]},{"@type":"WebSite","@id":"https:\/\/aguaregen.com\/it\/#website","url":"https:\/\/aguaregen.com\/it\/","name":"Agua REGEN","description":"Agua funcional optimizada y ultrapurificada","publisher":{"@id":"https:\/\/aguaregen.com\/it\/#organization"},"alternateName":"Agua Alcalina","potentialAction":[{"@type":"SearchAction","target":{"@type":"EntryPoint","urlTemplate":"https:\/\/aguaregen.com\/it\/?s={search_term_string}"},"query-input":{"@type":"PropertyValueSpecification","valueRequired":true,"valueName":"search_term_string"}}],"inLanguage":"it-IT"},{"@type":"Organization","@id":"https:\/\/aguaregen.com\/it\/#organization","name":"Agua REGEN","alternateName":"Agual Alcalina Ultrapurificada","url":"https:\/\/aguaregen.com\/it\/","logo":{"@type":"ImageObject","inLanguage":"it-IT","@id":"https:\/\/aguaregen.com\/it\/#\/schema\/logo\/image\/","url":"https:\/\/aguaregen.com\/wp-content\/uploads\/2024\/10\/Agua-Regen-Logo.png","contentUrl":"https:\/\/aguaregen.com\/wp-content\/uploads\/2024\/10\/Agua-Regen-Logo.png","width":250,"height":115,"caption":"Agua REGEN"},"image":{"@id":"https:\/\/aguaregen.com\/it\/#\/schema\/logo\/image\/"},"sameAs":["https:\/\/www.facebook.com\/AguaRegenCR\/","https:\/\/www.instagram.com\/aguaregencr\/"],"description":"HIDRODEPURADORES PIR S.A., empresa que inicia operaciones con el gran objetivo de: brindar apoyo en la purificaci\u00f3n natural del agua. Nuestra empresa tiene la capacidad de purificar naturalmente cualquier tipo y masa de agua. Para producir Regen, tomamos agua potable que pasa por los procesos de ultra purificaci\u00f3n natural, suplementaci\u00f3n y reavivamiento.","email":"info@aguaregen.com","telephone":"(506) 2438-6060","legalName":"HIDRODEPURADORES PIR S.A."}]}},"_links":{"self":[{"href":"https:\/\/aguaregen.com\/it\/wp-json\/wp\/v2\/pages\/18108","targetHints":{"allow":["GET"]}}],"collection":[{"href":"https:\/\/aguaregen.com\/it\/wp-json\/wp\/v2\/pages"}],"about":[{"href":"https:\/\/aguaregen.com\/it\/wp-json\/wp\/v2\/types\/page"}],"author":[{"embeddable":true,"href":"https:\/\/aguaregen.com\/it\/wp-json\/wp\/v2\/users\/1"}],"replies":[{"embeddable":true,"href":"https:\/\/aguaregen.com\/it\/wp-json\/wp\/v2\/comments?post=18108"}],"version-history":[{"count":10,"href":"https:\/\/aguaregen.com\/it\/wp-json\/wp\/v2\/pages\/18108\/revisions"}],"predecessor-version":[{"id":18126,"href":"https:\/\/aguaregen.com\/it\/wp-json\/wp\/v2\/pages\/18108\/revisions\/18126"}],"wp:attachment":[{"href":"https:\/\/aguaregen.com\/it\/wp-json\/wp\/v2\/media?parent=18108"}],"curies":[{"name":"wp","href":"https:\/\/api.w.org\/{rel}","templated":true}]}}