{"id":17864,"date":"2021-10-12T15:51:09","date_gmt":"2021-10-12T21:51:09","guid":{"rendered":"https:\/\/aguaregen.com\/nuestra-empresa\/"},"modified":"2024-12-29T11:18:07","modified_gmt":"2024-12-29T17:18:07","slug":"la-nostra-azienda","status":"publish","type":"page","link":"https:\/\/aguaregen.com\/it\/la-nostra-azienda\/","title":{"rendered":"La Nostra Azienda"},"content":{"rendered":"\t\t<div data-elementor-type=\"wp-page\" data-elementor-id=\"17864\" class=\"elementor elementor-17864 elementor-4400\" data-elementor-post-type=\"page\">\n\t\t\t\t<div data-particle_enable=\"false\" data-particle-mobile-disabled=\"false\" class=\"wd-negative-gap elementor-element elementor-element-7c7c544 wd-section-stretch e-flex e-con-boxed e-con e-parent\" data-id=\"7c7c544\" data-element_type=\"container\" data-e-type=\"container\" data-settings=\"{&quot;background_background&quot;:&quot;classic&quot;}\">\n\t\t\t\t\t<div class=\"e-con-inner\">\n\t\t<div data-particle_enable=\"false\" data-particle-mobile-disabled=\"false\" class=\"elementor-element elementor-element-e7cb5cd e-con-full animated-fast e-flex elementor-invisible e-con e-child\" data-id=\"e7cb5cd\" data-element_type=\"container\" data-e-type=\"container\" data-settings=\"{&quot;animation&quot;:&quot;fadeInLeft&quot;}\">\n\t\t\t\t<div class=\"elementor-element elementor-element-56aec39 elementor-widget elementor-widget-wd_image_or_svg\" data-id=\"56aec39\" data-element_type=\"widget\" data-e-type=\"widget\" data-widget_type=\"wd_image_or_svg.default\">\n\t\t\t\t<div class=\"elementor-widget-container\">\n\t\t\t\t\t\n\t\t<div class=\"wd-image text-left\">\n\t\t\t\t\t\t\t\t<img fetchpriority=\"high\" decoding=\"async\" width=\"600\" height=\"600\" src=\"https:\/\/aguaregen.com\/wp-content\/uploads\/2024\/12\/nuestraempresa.jpg\" class=\"attachment-full size-full\" alt=\"\" srcset=\"https:\/\/aguaregen.com\/wp-content\/uploads\/2024\/12\/nuestraempresa.jpg 600w, https:\/\/aguaregen.com\/wp-content\/uploads\/2024\/12\/nuestraempresa-300x300.jpg 300w, https:\/\/aguaregen.com\/wp-content\/uploads\/2024\/12\/nuestraempresa-150x150.jpg 150w, https:\/\/aguaregen.com\/wp-content\/uploads\/2024\/12\/nuestraempresa-400x400.jpg 400w, https:\/\/aguaregen.com\/wp-content\/uploads\/2024\/12\/nuestraempresa-430x430.jpg 430w\" sizes=\"(max-width: 600px) 100vw, 600px\" \/>\t\t\t\t\t<\/div>\n\n\t\t\t\t\t\t<\/div>\n\t\t\t\t<\/div>\n\t\t\t\t<\/div>\n\t\t<div data-particle_enable=\"false\" data-particle-mobile-disabled=\"false\" class=\"elementor-element elementor-element-97d6084 e-con-full animated-fast e-flex elementor-invisible e-con e-child\" data-id=\"97d6084\" data-element_type=\"container\" data-e-type=\"container\" data-settings=\"{&quot;animation&quot;:&quot;fadeInRight&quot;}\">\n\t\t\t\t<div class=\"elementor-element elementor-element-98d830b wd-width-100 elementor-widget elementor-widget-wd_title\" data-id=\"98d830b\" data-element_type=\"widget\" data-e-type=\"widget\" data-widget_type=\"wd_title.default\">\n\t\t\t\t<div class=\"elementor-widget-container\">\n\t\t\t\t\t\t\t<div class=\"title-wrapper wd-set-mb reset-last-child wd-title-color-primary wd-title-style-default wd-title-size-large text-center\">\n\n\t\t\t\t\t\t\t\t\t\t\t<div class=\"title-subtitle subtitle-color-primary subtitle-style-default wd-fontsize-xs\">\n\t\t\t\t\tREGEN\t\t\t\t<\/div>\n\t\t\t\n\t\t\t<div class=\"liner-continer\">\n\t\t\t\t<h4 class=\"woodmart-title-container title wd-fontsize-xxl\">ORIGINI DI UN GRANDE SOGNO<\/h4> \n\t\t\t\t\t\t\t<\/div>\n\n\t\t\t\t\t<\/div>\n\t\t\t\t\t\t<\/div>\n\t\t\t\t<\/div>\n\t\t\t\t<div class=\"elementor-element elementor-element-10d2862 color-scheme-inherit text-left elementor-widget elementor-widget-text-editor\" data-id=\"10d2862\" data-element_type=\"widget\" data-e-type=\"widget\" data-widget_type=\"text-editor.default\">\n\t\t\t\t<div class=\"elementor-widget-container\">\n\t\t\t\t\t\t\t\t\t<p>Trentiquattro anni fa, la famiglia Romano arriv\u00f2 da Firenze, Italia, in Costa Rica. Pietro e Isabella arrivarono con il sogno di stabilirsi nel paese e creare una fonte di reddito etica che potesse contribuire al popolo costaricano e alla regione, come forma di gratitudine per essere stati accolti calorosamente. Ispirati a iniziare una nuova fase per la loro famiglia, nacque una grande idea:<\/p><p>Nacque HIDRODEPURADORES PIR S.A., un\u2019azienda che inizi\u00f2 le operazioni con il grande obiettivo di sostenere la purificazione naturale dell\u2019acqua. La nostra azienda \u00e8 in grado di purificare naturalmente qualsiasi tipo o massa d\u2019acqua. Per produrre Regen, utilizziamo acqua potabile che passa attraverso processi di ultrapurificazione naturale, supplementazione e rivitalizzazione.<\/p><p>Sebbene la nostra storia come azienda risalga a pi\u00f9 di 25 anni fa, il tempo di commercializzazione del nostro marchio Regen \u00e8 relativamente recente, appena 4 anni fa.<\/p><p>L\u2019azienda e lo stabilimento di produzione si trovano a El Coyol de Alajuela.<\/p>\t\t\t\t\t\t\t\t<\/div>\n\t\t\t\t<\/div>\n\t\t\t\t<\/div>\n\t\t\t\t\t<\/div>\n\t\t\t\t<\/div>\n\t\t<div data-particle_enable=\"false\" data-particle-mobile-disabled=\"false\" class=\"wd-negative-gap elementor-element elementor-element-e9a7865 wd-section-stretch e-flex e-con-boxed e-con e-parent\" data-id=\"e9a7865\" data-element_type=\"container\" data-e-type=\"container\" data-settings=\"{&quot;background_background&quot;:&quot;classic&quot;}\">\n\t\t\t\t\t<div class=\"e-con-inner\">\n\t\t<div data-particle_enable=\"false\" data-particle-mobile-disabled=\"false\" class=\"elementor-element elementor-element-ab001d7 e-con-full animated-fast e-flex elementor-invisible e-con e-child\" data-id=\"ab001d7\" data-element_type=\"container\" data-e-type=\"container\" data-settings=\"{&quot;animation&quot;:&quot;fadeInLeft&quot;,&quot;animation_delay&quot;:300}\">\n\t\t\t\t<div class=\"elementor-element elementor-element-04f3dc0 wd-width-100 elementor-widget elementor-widget-wd_title\" data-id=\"04f3dc0\" data-element_type=\"widget\" data-e-type=\"widget\" data-widget_type=\"wd_title.default\">\n\t\t\t\t<div class=\"elementor-widget-container\">\n\t\t\t\t\t\t\t<div class=\"title-wrapper wd-set-mb reset-last-child wd-title-color-primary wd-title-style-default wd-title-size-large text-left\">\n\n\t\t\t\n\t\t\t<div class=\"liner-continer\">\n\t\t\t\t<h4 class=\"woodmart-title-container title wd-fontsize-xxl\">IL NOSTRO OBIETTIVO: PRENDERCI CURA DI TUTTI:<\/h4> \n\t\t\t\t\t\t\t<\/div>\n\n\t\t\t\t\t<\/div>\n\t\t\t\t\t\t<\/div>\n\t\t\t\t<\/div>\n\t\t\t\t<div class=\"elementor-element elementor-element-2471daf color-scheme-inherit text-left elementor-widget elementor-widget-text-editor\" data-id=\"2471daf\" data-element_type=\"widget\" data-e-type=\"widget\" data-widget_type=\"text-editor.default\">\n\t\t\t\t<div class=\"elementor-widget-container\">\n\t\t\t\t\t\t\t\t\t<p>Integrit\u00e0: operiamo con onest\u00e0 e trasparenza in tutte le pratiche aziendali, garantendo la massima coerenza dai nostri piani e negoziati iniziali fino al momento dell\u2019esecuzione e completamento.<\/p><p>Interesse genuino per il benessere sociale e ambientale: sentiamo la necessit\u00e0 di preservare la natura e contribuire al bene comune, motivo per cui ci concentriamo sull\u2019investire risorse per ridurre l\u2019impatto ambientale attraverso l\u2019uso efficiente delle risorse, la riduzione dei rifiuti e l\u2019eventuale implementazione di un programma di gestione della plastica e di purificazione naturale dei fiumi.<\/p><p>Qualit\u00e0 e sicurezza: garantiamo che tutto sia prodotto e realizzato con i pi\u00f9 alti standard tecnologici e di prevedibilit\u00e0.<\/p><p>Rispetto, accessibilit\u00e0 e inclusione: l\u2019acqua \u00e8 una risorsa non rinnovabile da cui dipende la vita sul pianeta, e sappiamo che l\u2019accesso a essa \u00e8 un diritto fondamentale per tutti. In questi tempi, proteggere la sua integrit\u00e0 \u00e8 una grande responsabilit\u00e0 individuale.<\/p><p>Responsabilit\u00e0 Radicale: manteniamo chiarezza nella nostra comunicazione e concentrazione sui nostri valori. L\u2019etica \u00e8 alla base di tutte le fasi del nostro lavoro per crescere attraverso trasparenza e coerenza.<\/p>\t\t\t\t\t\t\t\t<\/div>\n\t\t\t\t<\/div>\n\t\t\t\t<\/div>\n\t\t<div data-particle_enable=\"false\" data-particle-mobile-disabled=\"false\" class=\"elementor-element elementor-element-fe71423 e-con-full animated-fast e-flex elementor-invisible e-con e-child\" data-id=\"fe71423\" data-element_type=\"container\" data-e-type=\"container\" data-settings=\"{&quot;animation&quot;:&quot;fadeInRight&quot;,&quot;animation_delay&quot;:300}\">\n\t\t\t\t<div class=\"elementor-element elementor-element-f71f3a0 elementor-widget elementor-widget-wd_image_or_svg\" data-id=\"f71f3a0\" data-element_type=\"widget\" data-e-type=\"widget\" data-widget_type=\"wd_image_or_svg.default\">\n\t\t\t\t<div class=\"elementor-widget-container\">\n\t\t\t\t\t\n\t\t<div class=\"wd-image text-left\">\n\t\t\t\t\t\t\t\t<img decoding=\"async\" width=\"600\" height=\"600\" src=\"https:\/\/aguaregen.com\/wp-content\/uploads\/2024\/12\/planta.jpg\" class=\"attachment-full size-full\" alt=\"\" srcset=\"https:\/\/aguaregen.com\/wp-content\/uploads\/2024\/12\/planta.jpg 600w, https:\/\/aguaregen.com\/wp-content\/uploads\/2024\/12\/planta-300x300.jpg 300w, https:\/\/aguaregen.com\/wp-content\/uploads\/2024\/12\/planta-150x150.jpg 150w, https:\/\/aguaregen.com\/wp-content\/uploads\/2024\/12\/planta-400x400.jpg 400w, https:\/\/aguaregen.com\/wp-content\/uploads\/2024\/12\/planta-430x430.jpg 430w\" sizes=\"(max-width: 600px) 100vw, 600px\" \/>\t\t\t\t\t<\/div>\n\n\t\t\t\t\t\t<\/div>\n\t\t\t\t<\/div>\n\t\t\t\t<\/div>\n\t\t\t\t\t<\/div>\n\t\t\t\t<\/div>\n\t\t<div data-particle_enable=\"false\" data-particle-mobile-disabled=\"false\" class=\"wd-negative-gap elementor-element elementor-element-eb7abfb e-flex e-con-boxed elementor-invisible e-con e-parent\" data-id=\"eb7abfb\" data-element_type=\"container\" data-e-type=\"container\" data-settings=\"{&quot;animation&quot;:&quot;fadeIn&quot;,&quot;animation_delay&quot;:500}\">\n\t\t\t\t\t<div class=\"e-con-inner\">\n\t\t\t\t<div class=\"elementor-element elementor-element-1dbb55c elementor-widget elementor-widget-heading\" data-id=\"1dbb55c\" data-element_type=\"widget\" data-e-type=\"widget\" data-widget_type=\"heading.default\">\n\t\t\t\t<div class=\"elementor-widget-container\">\n\t\t\t\t\t<h2 class=\"elementor-heading-title elementor-size-default\">Questi sono i veri valori<\/h2>\t\t\t\t<\/div>\n\t\t\t\t<\/div>\n\t\t\t\t\t<\/div>\n\t\t\t\t<\/div>\n\t\t<div data-particle_enable=\"false\" data-particle-mobile-disabled=\"false\" class=\"wd-negative-gap elementor-element elementor-element-e13df2b e-flex e-con-boxed elementor-invisible e-con e-parent\" data-id=\"e13df2b\" data-element_type=\"container\" data-e-type=\"container\" data-settings=\"{&quot;animation&quot;:&quot;fadeIn&quot;,&quot;animation_delay&quot;:500}\">\n\t\t\t\t\t<div class=\"e-con-inner\">\n\t\t<div data-particle_enable=\"false\" data-particle-mobile-disabled=\"false\" class=\"elementor-element elementor-element-e7eb6cb e-con-full e-flex e-con e-child\" data-id=\"e7eb6cb\" data-element_type=\"container\" data-e-type=\"container\">\n\t\t\t\t<div class=\"elementor-element elementor-element-acf5fb4 elementor-widget elementor-widget-icon-box\" data-id=\"acf5fb4\" data-element_type=\"widget\" data-e-type=\"widget\" data-widget_type=\"icon-box.default\">\n\t\t\t\t<div class=\"elementor-widget-container\">\n\t\t\t\t\t\t\t<div class=\"elementor-icon-box-wrapper\">\n\n\t\t\t\n\t\t\t\t\t\t<div class=\"elementor-icon-box-content\">\n\n\t\t\t\t\t\t\t\t\t<h3 class=\"elementor-icon-box-title\">\n\t\t\t\t\t\t<span  >\n\t\t\t\t\t\t\tVISIONE:\t\t\t\t\t\t<\/span>\n\t\t\t\t\t<\/h3>\n\t\t\t\t\n\t\t\t\t\t\t\t\t\t<p class=\"elementor-icon-box-description\">\n\t\t\t\t\t\tSalvaguardare l\u2019integrit\u00e0 dell\u2019acqua, essendo facilitatori di acqua funzionale naturale per il benessere comune.\t\t\t\t\t<\/p>\n\t\t\t\t\n\t\t\t<\/div>\n\t\t\t\n\t\t<\/div>\n\t\t\t\t\t\t<\/div>\n\t\t\t\t<\/div>\n\t\t\t\t<\/div>\n\t\t<div data-particle_enable=\"false\" data-particle-mobile-disabled=\"false\" class=\"elementor-element elementor-element-ac81076 e-con-full e-flex e-con e-child\" data-id=\"ac81076\" data-element_type=\"container\" data-e-type=\"container\">\n\t\t\t\t<div class=\"elementor-element elementor-element-6bb8096 elementor-widget elementor-widget-icon-box\" data-id=\"6bb8096\" data-element_type=\"widget\" data-e-type=\"widget\" data-widget_type=\"icon-box.default\">\n\t\t\t\t<div class=\"elementor-widget-container\">\n\t\t\t\t\t\t\t<div class=\"elementor-icon-box-wrapper\">\n\n\t\t\t\n\t\t\t\t\t\t<div class=\"elementor-icon-box-content\">\n\n\t\t\t\t\t\t\t\t\t<h3 class=\"elementor-icon-box-title\">\n\t\t\t\t\t\t<span  >\n\t\t\t\t\t\t\tMISSIONE:\t\t\t\t\t\t<\/span>\n\t\t\t\t\t<\/h3>\n\t\t\t\t\n\t\t\t\t\t\t\t\t\t<p class=\"elementor-icon-box-description\">\n\t\t\t\t\t\tEssere IL marchio di riferimento per l\u2019acqua ultra purificata e funzionale ottimizzata nella regione.\t\t\t\t\t<\/p>\n\t\t\t\t\n\t\t\t<\/div>\n\t\t\t\n\t\t<\/div>\n\t\t\t\t\t\t<\/div>\n\t\t\t\t<\/div>\n\t\t\t\t<\/div>\n\t\t\t\t\t<\/div>\n\t\t\t\t<\/div>\n\t\t\t\t<\/div>\n\t\t","protected":false},"excerpt":{"rendered":"<p>REGEN ORIGINI DI UN GRANDE SOGNO Trentiquattro anni fa, la famiglia Romano arriv\u00f2 da Firenze, Italia, in Costa Rica. Pietro<\/p>\n","protected":false},"author":1,"featured_media":0,"parent":0,"menu_order":0,"comment_status":"closed","ping_status":"closed","template":"","meta":{"_joinchat":[],"footnotes":""},"class_list":["post-17864","page","type-page","status-publish","hentry"],"yoast_head":"<!-- This site is optimized with the Yoast SEO Premium plugin v24.0 (Yoast SEO v27.5) - https:\/\/yoast.com\/product\/yoast-seo-premium-wordpress\/ -->\n<title>La Nostra Azienda - Agua REGEN<\/title>\n<meta name=\"robots\" content=\"index, follow, max-snippet:-1, max-image-preview:large, max-video-preview:-1\" \/>\n<link rel=\"canonical\" href=\"https:\/\/aguaregen.com\/it\/la-nostra-azienda\/\" \/>\n<meta property=\"og:locale\" content=\"it_IT\" \/>\n<meta property=\"og:type\" content=\"article\" \/>\n<meta property=\"og:title\" content=\"La Nostra Azienda\" \/>\n<meta property=\"og:description\" content=\"REGEN ORIGINI DI UN GRANDE SOGNO Trentiquattro anni fa, la famiglia Romano arriv\u00f2 da Firenze, Italia, in Costa Rica. Pietro\" \/>\n<meta property=\"og:url\" content=\"https:\/\/aguaregen.com\/it\/la-nostra-azienda\/\" \/>\n<meta property=\"og:site_name\" content=\"Agua REGEN\" \/>\n<meta property=\"article:publisher\" content=\"https:\/\/www.facebook.com\/AguaRegenCR\/\" \/>\n<meta property=\"article:modified_time\" content=\"2024-12-29T17:18:07+00:00\" \/>\n<meta property=\"og:image\" content=\"https:\/\/aguaregen.com\/wp-content\/uploads\/2024\/12\/nuestraempresa.jpg\" \/>\n<meta name=\"twitter:card\" content=\"summary_large_image\" \/>\n<meta name=\"twitter:label1\" content=\"Tempo di lettura stimato\" \/>\n\t<meta name=\"twitter:data1\" content=\"3 minuti\" \/>\n<script type=\"application\/ld+json\" class=\"yoast-schema-graph\">{\"@context\":\"https:\\\/\\\/schema.org\",\"@graph\":[{\"@type\":\"WebPage\",\"@id\":\"https:\\\/\\\/aguaregen.com\\\/it\\\/la-nostra-azienda\\\/\",\"url\":\"https:\\\/\\\/aguaregen.com\\\/it\\\/la-nostra-azienda\\\/\",\"name\":\"La Nostra Azienda - Agua REGEN\",\"isPartOf\":{\"@id\":\"https:\\\/\\\/aguaregen.com\\\/it\\\/#website\"},\"primaryImageOfPage\":{\"@id\":\"https:\\\/\\\/aguaregen.com\\\/it\\\/la-nostra-azienda\\\/#primaryimage\"},\"image\":{\"@id\":\"https:\\\/\\\/aguaregen.com\\\/it\\\/la-nostra-azienda\\\/#primaryimage\"},\"thumbnailUrl\":\"https:\\\/\\\/aguaregen.com\\\/wp-content\\\/uploads\\\/2024\\\/12\\\/nuestraempresa.jpg\",\"datePublished\":\"2021-10-12T21:51:09+00:00\",\"dateModified\":\"2024-12-29T17:18:07+00:00\",\"breadcrumb\":{\"@id\":\"https:\\\/\\\/aguaregen.com\\\/it\\\/la-nostra-azienda\\\/#breadcrumb\"},\"inLanguage\":\"it-IT\",\"potentialAction\":[{\"@type\":\"ReadAction\",\"target\":[\"https:\\\/\\\/aguaregen.com\\\/it\\\/la-nostra-azienda\\\/\"]}]},{\"@type\":\"ImageObject\",\"inLanguage\":\"it-IT\",\"@id\":\"https:\\\/\\\/aguaregen.com\\\/it\\\/la-nostra-azienda\\\/#primaryimage\",\"url\":\"https:\\\/\\\/aguaregen.com\\\/wp-content\\\/uploads\\\/2024\\\/12\\\/nuestraempresa.jpg\",\"contentUrl\":\"https:\\\/\\\/aguaregen.com\\\/wp-content\\\/uploads\\\/2024\\\/12\\\/nuestraempresa.jpg\"},{\"@type\":\"BreadcrumbList\",\"@id\":\"https:\\\/\\\/aguaregen.com\\\/it\\\/la-nostra-azienda\\\/#breadcrumb\",\"itemListElement\":[{\"@type\":\"ListItem\",\"position\":1,\"name\":\"Portada\",\"item\":\"https:\\\/\\\/aguaregen.com\\\/it\\\/\"},{\"@type\":\"ListItem\",\"position\":2,\"name\":\"La Nostra Azienda\"}]},{\"@type\":\"WebSite\",\"@id\":\"https:\\\/\\\/aguaregen.com\\\/it\\\/#website\",\"url\":\"https:\\\/\\\/aguaregen.com\\\/it\\\/\",\"name\":\"Agua REGEN\",\"description\":\"Agua funcional optimizada y ultrapurificada\",\"publisher\":{\"@id\":\"https:\\\/\\\/aguaregen.com\\\/it\\\/#organization\"},\"alternateName\":\"Agua Alcalina\",\"potentialAction\":[{\"@type\":\"SearchAction\",\"target\":{\"@type\":\"EntryPoint\",\"urlTemplate\":\"https:\\\/\\\/aguaregen.com\\\/it\\\/?s={search_term_string}\"},\"query-input\":{\"@type\":\"PropertyValueSpecification\",\"valueRequired\":true,\"valueName\":\"search_term_string\"}}],\"inLanguage\":\"it-IT\"},{\"@type\":\"Organization\",\"@id\":\"https:\\\/\\\/aguaregen.com\\\/it\\\/#organization\",\"name\":\"Agua REGEN\",\"alternateName\":\"Agual Alcalina Ultrapurificada\",\"url\":\"https:\\\/\\\/aguaregen.com\\\/it\\\/\",\"logo\":{\"@type\":\"ImageObject\",\"inLanguage\":\"it-IT\",\"@id\":\"https:\\\/\\\/aguaregen.com\\\/it\\\/#\\\/schema\\\/logo\\\/image\\\/\",\"url\":\"https:\\\/\\\/aguaregen.com\\\/wp-content\\\/uploads\\\/2024\\\/10\\\/Agua-Regen-Logo.png\",\"contentUrl\":\"https:\\\/\\\/aguaregen.com\\\/wp-content\\\/uploads\\\/2024\\\/10\\\/Agua-Regen-Logo.png\",\"width\":250,\"height\":115,\"caption\":\"Agua REGEN\"},\"image\":{\"@id\":\"https:\\\/\\\/aguaregen.com\\\/it\\\/#\\\/schema\\\/logo\\\/image\\\/\"},\"sameAs\":[\"https:\\\/\\\/www.facebook.com\\\/AguaRegenCR\\\/\",\"https:\\\/\\\/www.instagram.com\\\/aguaregencr\\\/\"],\"description\":\"HIDRODEPURADORES PIR S.A., empresa que inicia operaciones con el gran objetivo de: brindar apoyo en la purificaci\u00f3n natural del agua. Nuestra empresa tiene la capacidad de purificar naturalmente cualquier tipo y masa de agua. Para producir Regen, tomamos agua potable que pasa por los procesos de ultra purificaci\u00f3n natural, suplementaci\u00f3n y reavivamiento.\",\"email\":\"info@aguaregen.com\",\"telephone\":\"(506) 2438-6060\",\"legalName\":\"HIDRODEPURADORES PIR S.A.\"}]}<\/script>\n<!-- \/ Yoast SEO Premium plugin. -->","yoast_head_json":{"title":"La Nostra Azienda - Agua REGEN","robots":{"index":"index","follow":"follow","max-snippet":"max-snippet:-1","max-image-preview":"max-image-preview:large","max-video-preview":"max-video-preview:-1"},"canonical":"https:\/\/aguaregen.com\/it\/la-nostra-azienda\/","og_locale":"it_IT","og_type":"article","og_title":"La Nostra Azienda","og_description":"REGEN ORIGINI DI UN GRANDE SOGNO Trentiquattro anni fa, la famiglia Romano arriv\u00f2 da Firenze, Italia, in Costa Rica. Pietro","og_url":"https:\/\/aguaregen.com\/it\/la-nostra-azienda\/","og_site_name":"Agua REGEN","article_publisher":"https:\/\/www.facebook.com\/AguaRegenCR\/","article_modified_time":"2024-12-29T17:18:07+00:00","og_image":[{"url":"https:\/\/aguaregen.com\/wp-content\/uploads\/2024\/12\/nuestraempresa.jpg","type":"","width":"","height":""}],"twitter_card":"summary_large_image","twitter_misc":{"Tempo di lettura stimato":"3 minuti"},"schema":{"@context":"https:\/\/schema.org","@graph":[{"@type":"WebPage","@id":"https:\/\/aguaregen.com\/it\/la-nostra-azienda\/","url":"https:\/\/aguaregen.com\/it\/la-nostra-azienda\/","name":"La Nostra Azienda - Agua REGEN","isPartOf":{"@id":"https:\/\/aguaregen.com\/it\/#website"},"primaryImageOfPage":{"@id":"https:\/\/aguaregen.com\/it\/la-nostra-azienda\/#primaryimage"},"image":{"@id":"https:\/\/aguaregen.com\/it\/la-nostra-azienda\/#primaryimage"},"thumbnailUrl":"https:\/\/aguaregen.com\/wp-content\/uploads\/2024\/12\/nuestraempresa.jpg","datePublished":"2021-10-12T21:51:09+00:00","dateModified":"2024-12-29T17:18:07+00:00","breadcrumb":{"@id":"https:\/\/aguaregen.com\/it\/la-nostra-azienda\/#breadcrumb"},"inLanguage":"it-IT","potentialAction":[{"@type":"ReadAction","target":["https:\/\/aguaregen.com\/it\/la-nostra-azienda\/"]}]},{"@type":"ImageObject","inLanguage":"it-IT","@id":"https:\/\/aguaregen.com\/it\/la-nostra-azienda\/#primaryimage","url":"https:\/\/aguaregen.com\/wp-content\/uploads\/2024\/12\/nuestraempresa.jpg","contentUrl":"https:\/\/aguaregen.com\/wp-content\/uploads\/2024\/12\/nuestraempresa.jpg"},{"@type":"BreadcrumbList","@id":"https:\/\/aguaregen.com\/it\/la-nostra-azienda\/#breadcrumb","itemListElement":[{"@type":"ListItem","position":1,"name":"Portada","item":"https:\/\/aguaregen.com\/it\/"},{"@type":"ListItem","position":2,"name":"La Nostra Azienda"}]},{"@type":"WebSite","@id":"https:\/\/aguaregen.com\/it\/#website","url":"https:\/\/aguaregen.com\/it\/","name":"Agua REGEN","description":"Agua funcional optimizada y ultrapurificada","publisher":{"@id":"https:\/\/aguaregen.com\/it\/#organization"},"alternateName":"Agua Alcalina","potentialAction":[{"@type":"SearchAction","target":{"@type":"EntryPoint","urlTemplate":"https:\/\/aguaregen.com\/it\/?s={search_term_string}"},"query-input":{"@type":"PropertyValueSpecification","valueRequired":true,"valueName":"search_term_string"}}],"inLanguage":"it-IT"},{"@type":"Organization","@id":"https:\/\/aguaregen.com\/it\/#organization","name":"Agua REGEN","alternateName":"Agual Alcalina Ultrapurificada","url":"https:\/\/aguaregen.com\/it\/","logo":{"@type":"ImageObject","inLanguage":"it-IT","@id":"https:\/\/aguaregen.com\/it\/#\/schema\/logo\/image\/","url":"https:\/\/aguaregen.com\/wp-content\/uploads\/2024\/10\/Agua-Regen-Logo.png","contentUrl":"https:\/\/aguaregen.com\/wp-content\/uploads\/2024\/10\/Agua-Regen-Logo.png","width":250,"height":115,"caption":"Agua REGEN"},"image":{"@id":"https:\/\/aguaregen.com\/it\/#\/schema\/logo\/image\/"},"sameAs":["https:\/\/www.facebook.com\/AguaRegenCR\/","https:\/\/www.instagram.com\/aguaregencr\/"],"description":"HIDRODEPURADORES PIR S.A., empresa que inicia operaciones con el gran objetivo de: brindar apoyo en la purificaci\u00f3n natural del agua. Nuestra empresa tiene la capacidad de purificar naturalmente cualquier tipo y masa de agua. Para producir Regen, tomamos agua potable que pasa por los procesos de ultra purificaci\u00f3n natural, suplementaci\u00f3n y reavivamiento.","email":"info@aguaregen.com","telephone":"(506) 2438-6060","legalName":"HIDRODEPURADORES PIR S.A."}]}},"_links":{"self":[{"href":"https:\/\/aguaregen.com\/it\/wp-json\/wp\/v2\/pages\/17864","targetHints":{"allow":["GET"]}}],"collection":[{"href":"https:\/\/aguaregen.com\/it\/wp-json\/wp\/v2\/pages"}],"about":[{"href":"https:\/\/aguaregen.com\/it\/wp-json\/wp\/v2\/types\/page"}],"author":[{"embeddable":true,"href":"https:\/\/aguaregen.com\/it\/wp-json\/wp\/v2\/users\/1"}],"replies":[{"embeddable":true,"href":"https:\/\/aguaregen.com\/it\/wp-json\/wp\/v2\/comments?post=17864"}],"version-history":[{"count":10,"href":"https:\/\/aguaregen.com\/it\/wp-json\/wp\/v2\/pages\/17864\/revisions"}],"predecessor-version":[{"id":18364,"href":"https:\/\/aguaregen.com\/it\/wp-json\/wp\/v2\/pages\/17864\/revisions\/18364"}],"wp:attachment":[{"href":"https:\/\/aguaregen.com\/it\/wp-json\/wp\/v2\/media?parent=17864"}],"curies":[{"name":"wp","href":"https:\/\/api.w.org\/{rel}","templated":true}]}}